{"id":15164,"date":"2024-12-05T14:49:41","date_gmt":"2024-12-05T13:49:41","guid":{"rendered":"https:\/\/agiliumworlstg.wpenginepowered.com\/transportation-and-logistic\/"},"modified":"2025-04-03T01:00:18","modified_gmt":"2025-04-02T23:00:18","slug":"transportation-and-logistic","status":"publish","type":"page","link":"https:\/\/agiliumworldwide.it\/it\/transportation-and-logistic\/","title":{"rendered":"Transportation and Logistic"},"content":{"rendered":"<p><div class=\"fusion-fullwidth fullwidth-box fusion-builder-row-1 fusion-flex-container has-pattern-background has-mask-background fusion-parallax-none nonhundred-percent-fullwidth non-hundred-percent-height-scrolling lazyload\" style=\"--awb-background-position:center bottom;--awb-border-radius-top-left:0px;--awb-border-radius-top-right:0px;--awb-border-radius-bottom-right:0px;--awb-border-radius-bottom-left:0px;--awb-padding-top:140px;--awb-padding-bottom:100px;--awb-margin-top:-30px;--awb-margin-bottom:100px;--awb-min-height:500px;--awb-background-image:linear-gradient(180deg, rgba(61,67,109,0.48) 0%,#303454 100%);;--awb-background-size:cover;--awb-flex-wrap:wrap;\" data-bg=\"http:\/\/agiliumworldwide.it\/wp-content\/uploads\/2024\/12\/Agilium-Worldwide-Italy_Belloni-Associates_Transportation1.jpg\" data-bg-gradient=\"linear-gradient(180deg, rgba(61,67,109,0.48) 0%,#303454 100%)\" ><div class=\"fusion-builder-row fusion-row fusion-flex-align-items-center fusion-flex-justify-content-center fusion-flex-content-wrap\" style=\"max-width:1372.8px;margin-left: calc(-4% \/ 2 );margin-right: calc(-4% \/ 2 );\"><div class=\"fusion-layout-column fusion_builder_column fusion-builder-column-0 fusion_builder_column_3_4 3_4 fusion-flex-column fusion-animated\" style=\"--awb-bg-size:cover;--awb-width-large:75%;--awb-margin-top-large:0px;--awb-spacing-right-large:2.56%;--awb-margin-bottom-large:0px;--awb-spacing-left-large:2.56%;--awb-width-medium:75%;--awb-order-medium:0;--awb-spacing-right-medium:2.56%;--awb-spacing-left-medium:2.56%;--awb-width-small:100%;--awb-order-small:0;--awb-spacing-right-small:1.92%;--awb-spacing-left-small:1.92%;\" data-animationType=\"fadeInUp\" data-animationDuration=\"1.5\" data-animationDelay=\"0.5\" data-animationOffset=\"top-into-view\"><div class=\"fusion-column-wrapper fusion-column-has-shadow fusion-flex-justify-content-flex-start fusion-content-layout-column\"><div class=\"fusion-title title fusion-title-1 fusion-sep-none fusion-title-center fusion-title-text fusion-title-size-two\" style=\"--awb-text-color:var(--awb-color1);--awb-margin-top:0px;--awb-margin-bottom:30px;--awb-margin-bottom-small:20px;--awb-font-size:50px;\"><h2 class=\"fusion-title-heading title-heading-center\" style=\"font-family:&quot;Montserrat&quot;;font-style:normal;font-weight:600;margin:0;font-size:1em;text-transform:uppercase;line-height:1.4;\">Transportation and Logistic<\/h2><\/div><\/div><\/div><\/div><\/div><div class=\"fusion-fullwidth fullwidth-box fusion-builder-row-2 fusion-flex-container has-pattern-background has-mask-background nonhundred-percent-fullwidth non-hundred-percent-height-scrolling\" style=\"--awb-border-radius-top-left:0px;--awb-border-radius-top-right:0px;--awb-border-radius-bottom-right:0px;--awb-border-radius-bottom-left:0px;--awb-margin-top:60px;--awb-margin-bottom:150px;--awb-flex-wrap:wrap;\" ><div class=\"fusion-builder-row fusion-row fusion-flex-align-items-flex-start fusion-flex-content-wrap\" style=\"max-width:1372.8px;margin-left: calc(-4% \/ 2 );margin-right: calc(-4% \/ 2 );\"><div class=\"fusion-layout-column fusion_builder_column fusion-builder-column-1 awb-sticky awb-sticky-small awb-sticky-medium awb-sticky-large fusion_builder_column_1_2 1_2 fusion-flex-column\" style=\"--awb-bg-size:cover;--awb-transform:translateX(0px);--awb-transform-hover:translateX(15px);--awb-width-large:50%;--awb-margin-top-large:0px;--awb-spacing-right-large:3.84%;--awb-margin-bottom-large:0px;--awb-spacing-left-large:3.84%;--awb-width-medium:50%;--awb-order-medium:0;--awb-spacing-right-medium:3.84%;--awb-spacing-left-medium:3.84%;--awb-width-small:100%;--awb-order-small:2;--awb-spacing-right-small:1.92%;--awb-spacing-left-small:1.92%;--awb-sticky-offset:50px;\"><div class=\"fusion-column-wrapper fusion-column-has-shadow fusion-flex-justify-content-flex-start fusion-content-layout-column\"><div class=\"fusion-image-element \" style=\"--awb-aspect-ratio: 100 \/ 93;--awb-caption-title-font-family:var(--h2_typography-font-family);--awb-caption-title-font-weight:var(--h2_typography-font-weight);--awb-caption-title-font-style:var(--h2_typography-font-style);--awb-caption-title-size:var(--h2_typography-font-size);--awb-caption-title-transform:var(--h2_typography-text-transform);--awb-caption-title-line-height:var(--h2_typography-line-height);--awb-caption-title-letter-spacing:var(--h2_typography-letter-spacing);\"><span class=\" fusion-imageframe imageframe-none imageframe-1 hover-type-none has-aspect-ratio\"><img decoding=\"async\" width=\"1920\" height=\"1280\" title=\"Agilium Worldwide Italy_Belloni Associates_Transportation2\" src=\"https:\/\/agiliumworldwide.it\/wp-content\/uploads\/2024\/12\/Agilium-Worldwide-Italy_Belloni-Associates_Transportation2.jpg\" data-orig-src=\"http:\/\/agiliumworldwide.it\/wp-content\/uploads\/2024\/12\/Agilium-Worldwide-Italy_Belloni-Associates_Transportation2.jpg\" class=\"lazyload img-responsive wp-image-15030 img-with-aspect-ratio\" alt srcset=\"data:image\/svg+xml,%3Csvg%20xmlns%3D%27http%3A%2F%2Fwww.w3.org%2F2000%2Fsvg%27%20width%3D%271920%27%20height%3D%271280%27%20viewBox%3D%270%200%201920%201280%27%3E%3Crect%20width%3D%271920%27%20height%3D%271280%27%20fill-opacity%3D%220%22%2F%3E%3C%2Fsvg%3E\" data-srcset=\"https:\/\/agiliumworldwide.it\/wp-content\/uploads\/2024\/12\/Agilium-Worldwide-Italy_Belloni-Associates_Transportation2-200x133.jpg 200w, https:\/\/agiliumworldwide.it\/wp-content\/uploads\/2024\/12\/Agilium-Worldwide-Italy_Belloni-Associates_Transportation2-400x267.jpg 400w, https:\/\/agiliumworldwide.it\/wp-content\/uploads\/2024\/12\/Agilium-Worldwide-Italy_Belloni-Associates_Transportation2-600x400.jpg 600w, https:\/\/agiliumworldwide.it\/wp-content\/uploads\/2024\/12\/Agilium-Worldwide-Italy_Belloni-Associates_Transportation2-800x533.jpg 800w, https:\/\/agiliumworldwide.it\/wp-content\/uploads\/2024\/12\/Agilium-Worldwide-Italy_Belloni-Associates_Transportation2-1200x800.jpg 1200w, https:\/\/agiliumworldwide.it\/wp-content\/uploads\/2024\/12\/Agilium-Worldwide-Italy_Belloni-Associates_Transportation2.jpg 1920w\" data-sizes=\"auto\" data-orig-sizes=\"(max-width: 850px) 100vw, 800px\" \/><\/span><\/div><\/div><\/div><div class=\"fusion-layout-column fusion_builder_column fusion-builder-column-2 fusion_builder_column_1_2 1_2 fusion-flex-column\" style=\"--awb-padding-top:15px;--awb-padding-left:50px;--awb-padding-top-small:60px;--awb-padding-left-small:0px;--awb-bg-size:cover;--awb-width-large:50%;--awb-margin-top-large:0px;--awb-spacing-right-large:3.84%;--awb-margin-bottom-large:0px;--awb-spacing-left-large:3.84%;--awb-width-medium:50%;--awb-order-medium:0;--awb-spacing-right-medium:3.84%;--awb-spacing-left-medium:3.84%;--awb-width-small:100%;--awb-order-small:0;--awb-spacing-right-small:1.92%;--awb-spacing-left-small:1.92%;\"><div class=\"fusion-column-wrapper fusion-column-has-shadow fusion-flex-justify-content-flex-start fusion-content-layout-column\"><div class=\"fusion-text fusion-text-1\" style=\"--awb-text-font-family:&quot;Montserrat&quot;;--awb-text-font-style:normal;--awb-text-font-weight:400;\"><p style=\"text-align: justify; \">Il settore dei trasporti e della logistica sta attraversando una profonda trasformazione guidata dai cambiamenti nel comportamento dei consumatori, dai progressi tecnologici, dall\u2019accresciuta competitivit\u00e0 globale e dalla crescente complessit\u00e0 dei problemi di sicurezza, insieme agli imperativi ESG (ambientali, sociali e di governance) e di inclusione.<\/p>\n<p style=\"text-align: justify; \">Nuove modalit\u00e0 di trasporto e paradigmi commerciali emergenti stanno integrando i sistemi esistenti, creando un quadro di servizi localizzati all\u2019interno di un panorama di movimento globalizzato.<\/p>\n<p style=\"text-align: justify; \">Gestire questa crescente complessit\u00e0 garantendo efficienza e servizi incentrati sul cliente, il tutto sotto costante pressione per mantenere la redditivit\u00e0, rende questo settore uno dei pi\u00f9 stimolanti e dinamici.<\/p>\n<p style=\"text-align: justify; \">Il successo in questo campo richiede Managers con una visione aziendale a lungo termine, esperienza internazionale, solide capacit\u00e0 operative e commerciali, una passione per il miglioramento continuo e la capacit\u00e0 di costruire team coesi e ad alte prestazioni.<\/p>\n<p style=\"text-align: justify; \">Abbiamo collaborato con aziende private e pubbliche, nonch\u00e9 con aziende multinazionali e nazionali, per individuare leader e manager che con il loro impatto personale foosero capaci di sostenere il cambiamento e l&#8217;innovazione. Agilit\u00e0, flessibilit\u00e0 e rapidit\u00e0 di esecuzione, assieme  a risultati di successo, sono stati i tratti distintivi delle nostre relazioni con i clienti <\/p>\n<\/div><div class=\"fusion-title title fusion-title-2 fusion-sep-none fusion-title-highlight fusion-loop-off fusion-highlight-underline fusion-title-size-paragraph\" style=\"--awb-font-size:18px;\" data-highlight=\"underline\"><p class=\"fusion-title-heading title-heading-left title-heading-tag\" style=\"font-family:&quot;Montserrat&quot;;font-style:normal;font-weight:500;margin:0;font-size:1em;\"><span class=\"fusion-highlighted-text-prefix\">Operando attraverso un team qualificato a livello nazionale, sfruttiamo anche la nostra rete internazionale che copre oltre<\/span> <span class=\"fusion-highlighted-text-wrapper\"><span class=\"fusion-highlighted-text\">40 paesi per offrire supporto globale.<\/span><\/span> <span class=\"fusion-highlighted-text-postfix\"><\/span><\/p><\/div><div ><a class=\"fusion-button button-flat fusion-button-default-size button-default fusion-button-default button-1 fusion-button-default-span fusion-button-default-type\" style=\"--button_text_transform:none;--button_typography-font-family:&quot;Montserrat&quot;;--button_typography-font-style:normal;--button_typography-font-weight:400;--button_margin-top:40px;\" target=\"_self\" href=\"https:\/\/agiliumworldwide.it\/it\/contact-us\/\"><i class=\"fa-user-edit fas button-icon-left\" aria-hidden=\"true\"><\/i><span class=\"fusion-button-text\">Contattaci<\/span><\/a><\/div><\/div><\/div><\/div><\/div><\/p>\n","protected":false},"excerpt":{"rendered":"","protected":false},"author":5286,"featured_media":0,"parent":0,"menu_order":0,"comment_status":"closed","ping_status":"closed","template":"100-width.php","meta":{"_bbp_topic_count":0,"_bbp_reply_count":0,"_bbp_total_topic_count":0,"_bbp_total_reply_count":0,"_bbp_voice_count":0,"_bbp_anonymous_reply_count":0,"_bbp_topic_count_hidden":0,"_bbp_reply_count_hidden":0,"_bbp_forum_subforum_count":0,"inline_featured_image":false,"footnotes":""},"class_list":["post-15164","page","type-page","status-publish","hentry"],"_links":{"self":[{"href":"https:\/\/agiliumworldwide.it\/it\/wp-json\/wp\/v2\/pages\/15164"}],"collection":[{"href":"https:\/\/agiliumworldwide.it\/it\/wp-json\/wp\/v2\/pages"}],"about":[{"href":"https:\/\/agiliumworldwide.it\/it\/wp-json\/wp\/v2\/types\/page"}],"author":[{"embeddable":true,"href":"https:\/\/agiliumworldwide.it\/it\/wp-json\/wp\/v2\/users\/5286"}],"replies":[{"embeddable":true,"href":"https:\/\/agiliumworldwide.it\/it\/wp-json\/wp\/v2\/comments?post=15164"}],"version-history":[{"count":0,"href":"https:\/\/agiliumworldwide.it\/it\/wp-json\/wp\/v2\/pages\/15164\/revisions"}],"wp:attachment":[{"href":"https:\/\/agiliumworldwide.it\/it\/wp-json\/wp\/v2\/media?parent=15164"}],"curies":[{"name":"wp","href":"https:\/\/api.w.org\/{rel}","templated":true}]}}